{"id":2,"date":"2016-04-12T20:42:15","date_gmt":"2016-04-12T20:42:15","guid":{"rendered":"http:\/\/fabyapi.net\/\/?page_id=2"},"modified":"2017-03-30T13:03:47","modified_gmt":"2017-03-30T13:03:47","slug":"referanslar","status":"publish","type":"page","link":"https:\/\/fabyapi.net\/index.php\/referanslar\/","title":{"rendered":"REFERANSLAR"},"content":{"rendered":"<ul>\n<li>\n<h3>FAREL PLAST\u0130K ELEKTR\u0130K VE ELEKTRON\u0130K A.\u015e. \u00a0 \u00a0 \u00a0 \u00a0 \u00a0 \u00a0 \u00a0 \u00a0 \u00a0 \u00a0 \u00a06400 m2<\/h3>\n<\/li>\n<\/ul>\n<p style=\"text-align: center;\">Tel: 726 25 60 \/ 4 hat<\/p>\n<p style=\"text-align: center;\">Anahtar teslimi yap\u0131ld\u0131<\/p>\n<p style=\"text-align: center;\">BSH YAN SANAY\u0130<\/p>\n<p>&nbsp;<\/p>\n<ul>\n<li>\n<h3>STAR TEKST\u0130L BOYA APRE SAN. T\u0130C. A.\u015e. \u00a0 \u00a0 \u00a0 \u00a0 \u00a0 \u00a0 \u00a0 \u00a0 \u00a0 \u00a0 \u00a0 \u00a0 \u00a0 \u00a0 \u00a0 \u00a0 \u00a0 \u00a0 \u00a013000 m2<\/h3>\n<\/li>\n<\/ul>\n<h2 style=\"text-align: center;\">\u00a0\u00a0\u00a0\u00a0\u00a0 Tel: 758 20 08 \u2013 758 12 87<\/h2>\n<p style=\"text-align: center;\">Prefabrik ta\u015f\u0131y\u0131c\u0131 sistem hari\u00e7 komple yap\u0131ld\u0131.<\/p>\n<p>&nbsp;<\/p>\n<ul>\n<li>\n<h3>ADOL\u0130N BOYA VE K\u0130MYA SAN. T\u0130C. LTD. \u015eT\u0130. \u00a0 \u00a0 \u00a0 \u00a0 \u00a0 \u00a0 \u00a0 \u00a0 \u00a0 \u00a0 \u00a0 \u00a0 \u00a0 \u00a0 \u00a0 \u00a0 4000 m2<\/h3>\n<\/li>\n<\/ul>\n<h2 style=\"text-align: center;\">\u00a0\u00a0\u00a0\u00a0\u00a0 Tel: 0212 735 38 28<\/h2>\n<p style=\"text-align: center;\">Altyap\u0131, temel, soket, ba\u011f kiri\u015fleri ve ya\u011fmursuyu drenajlar\u0131 yap\u0131ld\u0131.<\/p>\n<ul>\n<li>\n<h3>ABK TEKST\u0130L VE DI\u015e T\u0130CARET A.\u015e. \u00a0 \u00a0 \u00a0 \u00a0 \u00a0 \u00a0 \u00a0 \u00a0 \u00a0 \u00a0 \u00a0 \u00a0 \u00a0 \u00a0 \u00a0 \u00a0 \u00a0 \u00a0 \u00a0 \u00a0 \u00a0 \u00a0 \u00a0 \u00a0 \u00a0 \u00a0 \u00a07000 m2<\/h3>\n<\/li>\n<\/ul>\n<h2 style=\"text-align: center;\">\u00a0\u00a0\u00a0\u00a0\u00a0 Tel: 0212 637 84 00<\/h2>\n<p style=\"text-align: center;\">Su deposu ve \u00e7evre d\u00fczenlemesi yap\u0131ld\u0131<\/p>\n<p>&nbsp;<\/p>\n<ul>\n<li>\n<h3>PALBEN TEKST\u0130L LTD.\u015eT\u0130.<\/h3>\n<\/li>\n<\/ul>\n<h2 style=\"text-align: center;\">\u00a0\u00a0\u00a0\u00a0\u00a0 Tel: 758 17 17\/ 4 hat<\/h2>\n<p style=\"text-align: center;\">Ar\u0131tma tesisi yap\u0131ld\u0131 ( 500 ton\/g\u00fcn kapasite )<\/p>\n<p>&nbsp;<\/p>\n<ul>\n<li>\n<h3>B\u0130RL\u0130K \u00d6RME SANAY\u0130 VE T\u0130C. A.\u015e.<\/h3>\n<\/li>\n<\/ul>\n<h2 style=\"text-align: center;\">\u00a0\u00a0\u00a0\u00a0\u00a0 Tel: 758 16 23 \/ 8 hat<\/h2>\n<p style=\"text-align: center;\">Ar\u0131tma tesisi yap\u0131ld\u0131 ( 400 ton\/g\u00fcn kapasite )<\/p>\n<p>&nbsp;<\/p>\n<ul>\n<li>\n<h3>BAK-AY TEKST\u0130L A.\u015e.\u00a0\u00a0\u00a0\u00a0\u00a0\u00a0\u00a0\u00a0\u00a0\u00a0\u00a0\u00a0\u00a0\u00a0\u00a0\u00a0\u00a0\u00a0\u00a0\u00a0\u00a0\u00a0\u00a0\u00a0\u00a0\u00a0\u00a0\u00a0\u00a0\u00a0\u00a0\u00a0\u00a0\u00a0\u00a0\u00a0\u00a0\u00a0\u00a0\u00a0\u00a0\u00a0\u00a0\u00a0\u00a0\u00a0\u00a0\u00a0 \u00a0\u00a0\u00a0\u00a0\u00a0\u00a0\u00a0\u00a0\u00a0\u00a0\u00a0\u00a04.300 m2<\/h3>\n<\/li>\n<\/ul>\n<p style=\"text-align: center;\">Tel: 674 41 21 \/ 4 hat<\/p>\n<p style=\"text-align: center;\">Prefabrik ta\u015f\u0131y\u0131c\u0131 sistem ve \u00e7at\u0131 kaplama hari\u00e7 komple yap\u0131ld\u0131.<\/p>\n<p style=\"text-align: center;\">01.10.2002 teslim edildi.<\/p>\n<p>&nbsp;<\/p>\n<ul>\n<li>\n<h3>\u0130NTEKS TEKST\u0130L A.\u015e. \u00a0 \u00a0 \u00a0 \u00a0 \u00a0 \u00a0 \u00a0 \u00a0 \u00a0 \u00a0 \u00a0 \u00a0 \u00a0 \u00a0 \u00a0 \u00a0 \u00a0 \u00a0 \u00a0 \u00a0 \u00a0 \u00a0 \u00a0 \u00a0 \u00a0 \u00a0 \u00a0 \u00a0 \u00a0 \u00a09000 m2<\/h3>\n<\/li>\n<\/ul>\n<p style=\"text-align: center;\">Tel:02125095530<\/p>\n<p style=\"text-align: center;\">Prefabrik\u00a0 ta\u015f\u0131y\u0131c\u0131\u00a0 sistem\u00a0 hari\u00e7\u00a0 komple\u00a0 yap\u0131ld\u0131.<\/p>\n<p style=\"text-align: center;\">G\u00fcnl\u00fck 3000 m3 ar\u0131tma tesisi<\/p>\n<p style=\"text-align: center;\">G\u00fcnl\u00fck 3000 m3 su deposu tesisi<\/p>\n<p style=\"text-align: center;\">08.2003 \u2013 08.2004 teslim edildi.<\/p>\n<p>&nbsp;<\/p>\n<ul>\n<li>\n<h3>\u00a0FAREL PLAST\u0130K ELEKTR\u0130K VE ELEK. A.\u015e. \u00a0 \u00a0 \u00a0 \u00a0 \u00a0 \u00a0 \u00a0 \u00a0 \u00a0 5000 m2<\/h3>\n<\/li>\n<\/ul>\n<p style=\"text-align: center;\">Tel : 02827262560<\/p>\n<p style=\"text-align: center;\">Anahtar teslimi yap\u0131ld\u0131.<\/p>\n<p style=\"text-align: center;\">07.2004 \u2013\u00a0\u00a0 12.2004<\/p>\n<p>&nbsp;<\/p>\n<ul>\n<li>\n<h3>PRETLL NOMA SYSTEM SAN.VE T\u0130C.LTD.\u015eT\u0130. \u00a0 \u00a0 \u00a0 \u00a0 \u00a0 \u00a0 \u00a0 1500 m2<\/h3>\n<\/li>\n<\/ul>\n<p style=\"text-align: center;\">Tel : 02827263743<\/p>\n<p style=\"text-align: center;\">\u00c7elik ta\u015f\u0131y\u0131c\u0131 sistem olmak \u00fczere anahtar teslim<\/p>\n<p style=\"text-align: center;\">01.04.2005 \u2013 7-2005<\/p>\n<p style=\"text-align: center;\">BSH YAN SANAY\u0130<\/p>\n<p>&nbsp;<\/p>\n<ul>\n<li>\n<h3>DESA TEKST\u0130L LTD.\u015eT\u0130 \u00a0 \u00a0 \u00a0 \u00a0 \u00a0 \u00a0 \u00a0 \u00a0 \u00a0 \u00a0 \u00a0 \u00a0 \u00a0 \u00a0 \u00a0 \u00a0 \u00a0 \u00a0 \u00a0 \u00a0 \u00a0 \u00a0 \u00a0 \u00a0 \u00a0 \u00a0 \u00a0 \u00a0 \u00a0 \u00a0 \u00a0 \u00a0 \u00a06000.m2<\/h3>\n<\/li>\n<\/ul>\n<p style=\"text-align: center;\">Tel : 02827268997<\/p>\n<p style=\"text-align: center;\">Ta\u015f\u0131y\u0131c\u0131 sistem ve \u00e7at\u0131 kaplama hari\u00e7<\/p>\n<p style=\"text-align: center;\">Zemin betonu,idari bina ve komple tadilat<\/p>\n<p style=\"text-align: center;\">05.12.2004 \u2013 6-20005<\/p>\n<p>&nbsp;<\/p>\n<ul>\n<li>\n<h3>\u00a0FARPLAS\u00a0 A.\u015e. \u00a0 \u00a0 \u00a0 \u00a0 \u00a0 \u00a0 \u00a0 \u00a0 \u00a0 \u00a0 \u00a0 \u00a0 \u00a0 \u00a0 \u00a0 \u00a0 \u00a0 \u00a0 \u00a0 \u00a0 \u00a0 \u00a0 \u00a0 \u00a0 \u00a0 \u00a0 \u00a0 \u00a0 \u00a0 \u00a0 \u00a0 \u00a0 \u00a0 \u00a0 \u00a0 \u00a0 \u00a0 \u00a0 30.000 m2<\/h3>\n<\/li>\n<\/ul>\n<p style=\"text-align: center;\">Tel : 0262.679 65 00<\/p>\n<p style=\"text-align: center;\">Ta\u015f\u0131y\u0131c\u0131 sistem ve \u00e7at\u0131 kaplama hari\u00e7<\/p>\n<p style=\"text-align: center;\">Altyap\u0131 ve \u00a0\u00a0Makine temelleri<\/p>\n<p style=\"text-align: center;\">Anahtar teslim yap\u0131ld\u0131.<\/p>\n<p style=\"text-align: center;\">01.01.2006-09-2006<\/p>\n<p>&nbsp;<\/p>\n<ul>\n<li>\n<h3>MESEK METAL A.\u015e<strong>. \u00a0 \u00a0 \u00a0 \u00a0 \u00a0 \u00a0 \u00a0 \u00a0 \u00a0 \u00a0 \u00a0 \u00a0 \u00a0 \u00a0 \u00a0 \u00a0 \u00a0 \u00a0 \u00a0 \u00a0 \u00a0 \u00a0 \u00a0 \u00a0 \u00a0 \u00a0 \u00a0 \u00a0 \u00a0 \u00a0 \u00a0 \u00a0 \u00a0 \u00a0 \u00a0\u00a0<\/strong>9000 m2<\/h3>\n<\/li>\n<\/ul>\n<p style=\"text-align: center;\">Tel : 0212 875 34 67<\/p>\n<p style=\"text-align: center;\">Anahtar teslim<\/p>\n<p style=\"text-align: center;\">15.12.2006 \u2013 15.06.2007<\/p>\n<p>&nbsp;<\/p>\n<ul>\n<li>\n<h3>FAREL PLAST\u0130K ELEKTR\u0130K VE ELEKT. \u00a0A.\u015e. <strong>\u00a0 \u00a0 \u00a0 \u00a0 \u00a0 \u00a0 \u00a0 \u00a0 \u00a0 \u00a0 \u00a0 \u00a0 \u00a0 \u00a0 \u00a0<\/strong>7400 m2<strong>\u00a0 \u00a0 \u00a0 \u00a0 \u00a0 \u00a0<\/strong><\/h3>\n<\/li>\n<\/ul>\n<p style=\"text-align: center;\">Tel 02827262560<\/p>\n<p style=\"text-align: center;\">Anahtar teslim<\/p>\n<p style=\"text-align: center;\">15.04.2008 \u2013 15.08.2008<\/p>\n<p>&nbsp;<\/p>\n<ul>\n<li>\n<h3>KARDE\u015eLER YAPI SANAT\u0130 T\u0130C.LTD.\u015eT\u0130. \u00a0 \u00a0 \u00a0 \u00a0 \u00a0 \u00a0 \u00a0 \u00a0 \u00a0 \u00a0 \u00a0 \u00a0 \u00a0 \u00a0 \u00a0 \u00a0 \u00a0 \u00a07200 m2<\/h3>\n<\/li>\n<\/ul>\n<p style=\"text-align: center;\">Tel : 0 282 726 21 76<\/p>\n<p style=\"text-align: center;\">Anahtar Teslim<\/p>\n<p style=\"text-align: center;\">15.11.2008 &#8211; 15.06.2009 \u2013<\/p>\n<p>&nbsp;<\/p>\n<ul>\n<li>\n<h3>MESEK METAL A.\u015e. \u00a0 \u00a0 \u00a0 \u00a0 \u00a0 \u00a0 \u00a0 \u00a0 \u00a0 \u00a0 \u00a0 \u00a0 \u00a0 \u00a0 \u00a0 \u00a0 \u00a0 \u00a0 \u00a0 \u00a0 \u00a0 \u00a0 \u00a0 \u00a0 \u00a0 \u00a0 \u00a0 \u00a0 \u00a0 \u00a0 \u00a0 \u00a0 \u00a0 \u00a0 \u00a0 \u00a0 \u00a0 \u00a0 \u00a02400 m2<\/h3>\n<\/li>\n<\/ul>\n<p style=\"text-align: center;\">Tel 02128753467<\/p>\n<p style=\"text-align: center;\">Alt yap\u0131 ve yard\u0131mc\u0131 \u00fcniteler<\/p>\n<p>&nbsp;<\/p>\n<ul>\n<li>\n<h3>T\u00dcBA\u015e TEKST\u0130L A.\u015e.<\/h3>\n<\/li>\n<\/ul>\n<p style=\"text-align: center;\">Tel 0 282 726 23 85<\/p>\n<p style=\"text-align: center;\">Muhtelif in\u015faat i\u015fleri (ilave i\u015fletme ve \u00e7evre ring yollar\u0131 ve peyzaj)<\/p>\n<p style=\"text-align: center;\">\u00c7ERKEZK\u00d6Y\/TEK\u0130RDA\u011e<\/p>\n<p>&nbsp;<\/p>\n<ul>\n<li>\n<h3>EK\u0130N PLAST \u00a0T\u0130C LTD.\u015eT\u0130. \u00a0 \u00a0 \u00a0 \u00a0 \u00a0 \u00a0 \u00a0 \u00a0 \u00a0 \u00a0 \u00a0 \u00a0 \u00a0 \u00a0 \u00a0 \u00a0 \u00a0 \u00a0 \u00a0 \u00a0 \u00a0 \u00a0 \u00a0 \u00a0 \u00a0 \u00a0 \u00a0 \u00a0 \u00a0 \u00a0 \u00a0 \u00a0 \u00a06500 m2<\/h3>\n<\/li>\n<\/ul>\n<p style=\"text-align: center;\">Anahtar teslim fabrika in\u015faat\u0131<\/p>\n<p style=\"text-align: center;\">Teslim edildi (01.10.2013)<\/p>\n<p style=\"text-align: center;\">Tel : 0.282.7261632<\/p>\n<p style=\"text-align: center;\">\u00c7ERKEZK\u00d6Y\/TEK\u0130RDA\u011e<\/p>\n<p>&nbsp;<\/p>\n<ul>\n<li>\n<h3>\u0130NTEKS ULUSLAR ARASI TEKST\u0130L SAN.A.\u015e \u00a0 \u00a0 \u00a0 \u00a0 \u00a0 \u00a0 \u00a0 \u00a0 \u00a0 \u00a0 \u00a0 \u00a0 \u00a0 \u00a0 12500 m2<\/h3>\n<\/li>\n<\/ul>\n<p style=\"text-align: center;\">Anahtar teslim fabrika in\u015faat\u0131<\/p>\n<p style=\"text-align: center;\">Teslim edildi.(25.10.2014)<\/p>\n<p style=\"text-align: center;\">Tel : Tel:02125095530- 0.282.7253582<\/p>\n<p style=\"text-align: center;\">\u00c7ERKEZK\u00d6Y ORG.SAN.B\u00d6L.<\/p>\n<p>&nbsp;<\/p>\n<ul>\n<li>\n<h3>NANOTECH ( \u00dcST\u00dcN PLAST\u0130K) T\u0130C.A.\u015e \u00a0 \u00a0 \u00a0 \u00a0 \u00a0 \u00a0 \u00a0 \u00a0 \u00a0 \u00a0 \u00a0 \u00a0 \u00a0 \u00a0 \u00a0 \u00a0 \u00a0 \u00a06500 m2<\/h3>\n<\/li>\n<\/ul>\n<p style=\"text-align: center;\">Anahtar teslim fabrika in\u015faat\u0131<\/p>\n<p style=\"text-align: center;\">( 07.11.2013-07.06.2015)<\/p>\n<p style=\"text-align: center;\">Teslim edidi<\/p>\n<p style=\"text-align: center;\">Tel : 0.212.4857676<\/p>\n<p style=\"text-align: center;\">ED\u0130RNE LALAPA\u015eA ORG.SAN.B\u00d6L.<\/p>\n<p>&nbsp;<\/p>\n<ul>\n<li>\n<h3>CEYLANLAR PERFORE LTD.\u015eT\u0130. \u00a0 \u00a0 \u00a0 \u00a0 \u00a0 \u00a0 \u00a0 \u00a0 \u00a0 \u00a0 \u00a0 \u00a0 \u00a0 \u00a0 \u00a0 \u00a0 \u00a0 \u00a0 \u00a0 \u00a0 \u00a0 \u00a0 \u00a0 \u00a0 \u00a0 7500 m2<\/h3>\n<\/li>\n<\/ul>\n<p style=\"text-align: center;\">Anahtar teslim fabrika in\u015faat\u0131<\/p>\n<p style=\"text-align: center;\">01.01.2015- 01.08.2015<\/p>\n<p style=\"text-align: center;\">Teslim edildi.<\/p>\n<p style=\"text-align: center;\">Tel : 0.212.6831763<\/p>\n<p style=\"text-align: center;\">\u00c7ERKEZK\u00d6Y ORG.SAN.B\u00d6L.<\/p>\n<p>&nbsp;<\/p>\n<ul>\n<li>\n<h3>\u00dcST\u00dcN PLAST\u0130K A.\u015e. \u00a0 \u00a0 \u00a0 \u00a0 \u00a0 \u00a0 \u00a0 \u00a0 \u00a0 \u00a0 \u00a0 \u00a0 \u00a0 \u00a0 \u00a0 \u00a0 \u00a0 \u00a0 \u00a0 \u00a0 \u00a0 \u00a0 \u00a0 \u00a0 \u00a0 \u00a0 \u00a0 \u00a0 \u00a0 \u00a0 \u00a0 \u00a0 \u00a0 \u00a0 \u00a0 \u00a0 8500 m2<\/h3>\n<\/li>\n<\/ul>\n<p style=\"text-align: center;\">Anahtar teslim i\u015f yeri (Plaza)<\/p>\n<p style=\"text-align: center;\">01.11.2016-<\/p>\n<p style=\"text-align: center;\">Devam ediyor.<\/p>\n<p style=\"text-align: center;\">Tel ; 0,212.4857676<\/p>\n<p>&nbsp;<\/p>\n<ul>\n<li>\n<h3>NAMLI PLAST\u0130K LTD.\u015eT. \u00a0 \u00a0 \u00a0 \u00a0 \u00a0 \u00a0 \u00a0 \u00a0 \u00a0 \u00a0 \u00a0 \u00a0 \u00a0 \u00a0 \u00a0 \u00a0 \u00a0 \u00a0 \u00a0 \u00a0 \u00a0 \u00a0 \u00a0 \u00a0 \u00a0 \u00a0 \u00a0 \u00a0 \u00a0 \u00a0 \u00a0 7000 m2<\/h3>\n<\/li>\n<\/ul>\n<p style=\"text-align: center;\">Anahtar teslim fabrika in\u015faat\u0131<\/p>\n<p style=\"text-align: center;\">01.01.2016-01.07.2016<\/p>\n<p style=\"text-align: center;\">Teslim edildi<\/p>\n<p style=\"text-align: center;\">Tel ; 0.282.7581142<\/p>\n","protected":false},"excerpt":{"rendered":"<p>FAREL PLAST\u0130K ELEKTR\u0130K VE ELEKTRON\u0130K A.\u015e. \u00a0 \u00a0 \u00a0 \u00a0 \u00a0 \u00a0 \u00a0 \u00a0 \u00a0 \u00a0 \u00a06400 m2 Tel: 726 25 60 \/ 4 hat Anahtar teslimi yap\u0131ld\u0131 BSH YAN SANAY\u0130 &nbsp; STAR TEKST\u0130L BOYA APRE SAN. T\u0130C. A.\u015e. \u00a0 \u00a0 \u00a0 \u00a0 \u00a0 \u00a0 \u00a0 \u00a0 \u00a0 \u00a0 \u00a0 \u00a0 \u00a0 \u00a0 \u00a0 \u00a0 [&hellip;]<\/p>\n","protected":false},"author":1,"featured_media":0,"parent":0,"menu_order":0,"comment_status":"closed","ping_status":"open","template":"fullwidth.php","meta":{"footnotes":""},"class_list":["post-2","page","type-page","status-publish","hentry"],"_links":{"self":[{"href":"https:\/\/fabyapi.net\/index.php\/wp-json\/wp\/v2\/pages\/2","targetHints":{"allow":["GET"]}}],"collection":[{"href":"https:\/\/fabyapi.net\/index.php\/wp-json\/wp\/v2\/pages"}],"about":[{"href":"https:\/\/fabyapi.net\/index.php\/wp-json\/wp\/v2\/types\/page"}],"author":[{"embeddable":true,"href":"https:\/\/fabyapi.net\/index.php\/wp-json\/wp\/v2\/users\/1"}],"replies":[{"embeddable":true,"href":"https:\/\/fabyapi.net\/index.php\/wp-json\/wp\/v2\/comments?post=2"}],"version-history":[{"count":8,"href":"https:\/\/fabyapi.net\/index.php\/wp-json\/wp\/v2\/pages\/2\/revisions"}],"predecessor-version":[{"id":47,"href":"https:\/\/fabyapi.net\/index.php\/wp-json\/wp\/v2\/pages\/2\/revisions\/47"}],"wp:attachment":[{"href":"https:\/\/fabyapi.net\/index.php\/wp-json\/wp\/v2\/media?parent=2"}],"curies":[{"name":"wp","href":"https:\/\/api.w.org\/{rel}","templated":true}]}}