{"id":50,"date":"2017-03-30T13:10:19","date_gmt":"2017-03-30T13:10:19","guid":{"rendered":"http:\/\/fabyapi.net\/?page_id=50"},"modified":"2017-03-30T13:11:18","modified_gmt":"2017-03-30T13:11:18","slug":"projelerden-goruntuler","status":"publish","type":"page","link":"https:\/\/fabyapi.net\/index.php\/projelerden-goruntuler\/","title":{"rendered":"PROJELERDEN G\u00d6R\u00dcNT\u00dcLER"},"content":{"rendered":"<p><img loading=\"lazy\" decoding=\"async\" class=\"alignnone size-medium wp-image-38\" src=\"http:\/\/fabyapi.net\/wp-content\/uploads\/2017\/03\/ilmetsan-metal-celik-yapi-ec580f38620-bbmbz-300x225.jpg\" alt=\"\" width=\"300\" height=\"225\" srcset=\"https:\/\/fabyapi.net\/wp-content\/uploads\/2017\/03\/ilmetsan-metal-celik-yapi-ec580f38620-bbmbz-300x225.jpg 300w, https:\/\/fabyapi.net\/wp-content\/uploads\/2017\/03\/ilmetsan-metal-celik-yapi-ec580f38620-bbmbz.jpg 510w\" sizes=\"auto, (max-width: 300px) 100vw, 300px\" \/> <img loading=\"lazy\" decoding=\"async\" class=\"alignnone size-medium wp-image-37\" src=\"http:\/\/fabyapi.net\/wp-content\/uploads\/2017\/03\/DSC00987-300x225.jpg\" alt=\"\" width=\"300\" height=\"225\" srcset=\"https:\/\/fabyapi.net\/wp-content\/uploads\/2017\/03\/DSC00987-300x225.jpg 300w, https:\/\/fabyapi.net\/wp-content\/uploads\/2017\/03\/DSC00987-768x576.jpg 768w, https:\/\/fabyapi.net\/wp-content\/uploads\/2017\/03\/DSC00987-1024x768.jpg 1024w\" sizes=\"auto, (max-width: 300px) 100vw, 300px\" \/> <img loading=\"lazy\" decoding=\"async\" class=\"alignnone size-medium wp-image-36\" src=\"http:\/\/fabyapi.net\/wp-content\/uploads\/2017\/03\/DSC00983-300x225.jpg\" alt=\"\" width=\"300\" height=\"225\" srcset=\"https:\/\/fabyapi.net\/wp-content\/uploads\/2017\/03\/DSC00983-300x225.jpg 300w, https:\/\/fabyapi.net\/wp-content\/uploads\/2017\/03\/DSC00983-768x576.jpg 768w, https:\/\/fabyapi.net\/wp-content\/uploads\/2017\/03\/DSC00983-1024x768.jpg 1024w\" sizes=\"auto, (max-width: 300px) 100vw, 300px\" \/> <img loading=\"lazy\" decoding=\"async\" class=\"alignnone size-medium wp-image-35\" src=\"http:\/\/fabyapi.net\/wp-content\/uploads\/2017\/03\/DSC00662-300x225.jpg\" alt=\"\" width=\"300\" height=\"225\" srcset=\"https:\/\/fabyapi.net\/wp-content\/uploads\/2017\/03\/DSC00662-300x225.jpg 300w, https:\/\/fabyapi.net\/wp-content\/uploads\/2017\/03\/DSC00662-768x576.jpg 768w, https:\/\/fabyapi.net\/wp-content\/uploads\/2017\/03\/DSC00662-1024x768.jpg 1024w, https:\/\/fabyapi.net\/wp-content\/uploads\/2017\/03\/DSC00662.jpg 2048w\" sizes=\"auto, (max-width: 300px) 100vw, 300px\" \/> <img loading=\"lazy\" decoding=\"async\" class=\"alignnone size-medium wp-image-34\" src=\"http:\/\/fabyapi.net\/wp-content\/uploads\/2017\/03\/DSC00660-300x225.jpg\" alt=\"\" width=\"300\" height=\"225\" srcset=\"https:\/\/fabyapi.net\/wp-content\/uploads\/2017\/03\/DSC00660-300x225.jpg 300w, https:\/\/fabyapi.net\/wp-content\/uploads\/2017\/03\/DSC00660-768x576.jpg 768w, https:\/\/fabyapi.net\/wp-content\/uploads\/2017\/03\/DSC00660-1024x768.jpg 1024w, https:\/\/fabyapi.net\/wp-content\/uploads\/2017\/03\/DSC00660.jpg 2048w\" sizes=\"auto, (max-width: 300px) 100vw, 300px\" \/> <img loading=\"lazy\" decoding=\"async\" class=\"alignnone size-medium wp-image-33\" src=\"http:\/\/fabyapi.net\/wp-content\/uploads\/2017\/03\/DSC00323-300x225.jpg\" alt=\"\" width=\"300\" height=\"225\" srcset=\"https:\/\/fabyapi.net\/wp-content\/uploads\/2017\/03\/DSC00323-300x225.jpg 300w, https:\/\/fabyapi.net\/wp-content\/uploads\/2017\/03\/DSC00323-768x576.jpg 768w, https:\/\/fabyapi.net\/wp-content\/uploads\/2017\/03\/DSC00323-1024x768.jpg 1024w, https:\/\/fabyapi.net\/wp-content\/uploads\/2017\/03\/DSC00323.jpg 2048w\" sizes=\"auto, (max-width: 300px) 100vw, 300px\" \/> <img loading=\"lazy\" decoding=\"async\" class=\"alignnone size-medium wp-image-32\" src=\"http:\/\/fabyapi.net\/wp-content\/uploads\/2017\/03\/DSC00316-300x225.jpg\" alt=\"\" width=\"300\" height=\"225\" srcset=\"https:\/\/fabyapi.net\/wp-content\/uploads\/2017\/03\/DSC00316-300x225.jpg 300w, https:\/\/fabyapi.net\/wp-content\/uploads\/2017\/03\/DSC00316-768x576.jpg 768w, https:\/\/fabyapi.net\/wp-content\/uploads\/2017\/03\/DSC00316-1024x768.jpg 1024w, https:\/\/fabyapi.net\/wp-content\/uploads\/2017\/03\/DSC00316.jpg 2048w\" sizes=\"auto, (max-width: 300px) 100vw, 300px\" \/> <img loading=\"lazy\" decoding=\"async\" class=\"alignnone size-medium wp-image-31\" src=\"http:\/\/fabyapi.net\/wp-content\/uploads\/2017\/03\/celik-konstruksiyon-021-300x155.jpg\" alt=\"\" width=\"300\" height=\"155\" srcset=\"https:\/\/fabyapi.net\/wp-content\/uploads\/2017\/03\/celik-konstruksiyon-021-300x155.jpg 300w, https:\/\/fabyapi.net\/wp-content\/uploads\/2017\/03\/celik-konstruksiyon-021.jpg 763w\" sizes=\"auto, (max-width: 300px) 100vw, 300px\" \/> <img loading=\"lazy\" decoding=\"async\" class=\"alignnone size-medium wp-image-30\" src=\"http:\/\/fabyapi.net\/wp-content\/uploads\/2017\/03\/c1-300x225.jpg\" alt=\"\" width=\"300\" height=\"225\" srcset=\"https:\/\/fabyapi.net\/wp-content\/uploads\/2017\/03\/c1-300x225.jpg 300w, https:\/\/fabyapi.net\/wp-content\/uploads\/2017\/03\/c1.jpg 400w\" sizes=\"auto, (max-width: 300px) 100vw, 300px\" \/> <img loading=\"lazy\" decoding=\"async\" class=\"alignnone size-medium wp-image-29\" src=\"http:\/\/fabyapi.net\/wp-content\/uploads\/2017\/03\/156796f305b994-300x169.jpg\" alt=\"\" width=\"300\" height=\"169\" srcset=\"https:\/\/fabyapi.net\/wp-content\/uploads\/2017\/03\/156796f305b994-300x169.jpg 300w, https:\/\/fabyapi.net\/wp-content\/uploads\/2017\/03\/156796f305b994-768x432.jpg 768w, https:\/\/fabyapi.net\/wp-content\/uploads\/2017\/03\/156796f305b994.jpg 850w\" sizes=\"auto, (max-width: 300px) 100vw, 300px\" \/><\/p>\n","protected":false},"excerpt":{"rendered":"","protected":false},"author":1,"featured_media":0,"parent":0,"menu_order":0,"comment_status":"closed","ping_status":"closed","template":"fullwidth.php","meta":{"footnotes":""},"class_list":["post-50","page","type-page","status-publish","hentry"],"_links":{"self":[{"href":"https:\/\/fabyapi.net\/index.php\/wp-json\/wp\/v2\/pages\/50","targetHints":{"allow":["GET"]}}],"collection":[{"href":"https:\/\/fabyapi.net\/index.php\/wp-json\/wp\/v2\/pages"}],"about":[{"href":"https:\/\/fabyapi.net\/index.php\/wp-json\/wp\/v2\/types\/page"}],"author":[{"embeddable":true,"href":"https:\/\/fabyapi.net\/index.php\/wp-json\/wp\/v2\/users\/1"}],"replies":[{"embeddable":true,"href":"https:\/\/fabyapi.net\/index.php\/wp-json\/wp\/v2\/comments?post=50"}],"version-history":[{"count":1,"href":"https:\/\/fabyapi.net\/index.php\/wp-json\/wp\/v2\/pages\/50\/revisions"}],"predecessor-version":[{"id":51,"href":"https:\/\/fabyapi.net\/index.php\/wp-json\/wp\/v2\/pages\/50\/revisions\/51"}],"wp:attachment":[{"href":"https:\/\/fabyapi.net\/index.php\/wp-json\/wp\/v2\/media?parent=50"}],"curies":[{"name":"wp","href":"https:\/\/api.w.org\/{rel}","templated":true}]}}